{"id":2343,"date":"2013-03-05T22:24:58","date_gmt":"2013-03-05T22:24:58","guid":{"rendered":"http:\/\/www.timport.net\/web\/?page_id=2343"},"modified":"2015-01-07T03:54:37","modified_gmt":"2015-01-07T03:54:37","slug":"nosotros","status":"publish","type":"page","link":"https:\/\/www.timport.net\/web\/nosotros\/","title":{"rendered":"Nosotros"},"content":{"rendered":"<div class=\"two_half\">\n<div class=\"title-wrap clearfix\">\n<h3 class=\"home-title\"><span>Bienvenido a Timport<\/span><\/h3>\n<\/div>\n<p><a href=\"http:\/\/www.timport.net\/web\/wp-content\/uploads\/2013\/03\/nosotros22.jpg\" data-rel=\"prettyPhoto[this_page]\" title=\"\"><img loading=\"lazy\" decoding=\"async\" class=\"alignnone size-full wp-image-2551\" alt=\"nosotros22\" src=\"http:\/\/www.timport.net\/web\/wp-content\/uploads\/2013\/03\/nosotros22.jpg\" width=\"940\" height=\"143\" srcset=\"https:\/\/www.timport.net\/web\/wp-content\/uploads\/2013\/03\/nosotros22.jpg 940w, https:\/\/www.timport.net\/web\/wp-content\/uploads\/2013\/03\/nosotros22-300x45.jpg 300w\" sizes=\"auto, (max-width: 940px) 100vw, 940px\" \/><\/a><\/p>\n<p align=\"justify\">Timport es una empresa dedicada a la importaci\u00f3n de diversos productos para seguridad vehicular, accesorios y afines; forma parte del grupo Lavado Rodriguez, que tiene operaciones en el norte del Pa\u00eds hace m\u00e1s de 30 a\u00f1os, operando empresas en diversos rubros, liderando la mayor\u00eda de ellos.<\/p>\n<p align=\"justify\">Timport es una empresa que viene operando en el mercado nacional desde el a\u00f1o 2009, actualmente cuenta con distribuidores en Lima, Trujillo y Arequipa, siendo la matriz la ciudad de Trujillo y desde la cual da el soporte a todos sus clientes directos e indirectos. Este soporte se adapta a los procedimientos de los clientes de forma tal que tratamos de maximizar la informaci\u00f3n reduciendo costos a nuestros clientes.<\/p>\n<p align=\"justify\">Contamos con oficina comercial en Shenzhen, China; esta oficina se apertur\u00f3 en octubre del 2010 y a trav\u00e9s de esta oficina se canalizan todas las importaciones que manejamos en Per\u00fa y al mismo tiempo tenemos clientes en otras partes del mundo con los que colaboramos, dando todo el soporte log\u00edstico, brindando los mejores tiempos y costos.<\/p>\n<\/div>\n<div class=\"clear\"><\/div>\n<div class=\"one_half entry-content  clearfix\">\n<div class=\"title-wrap clearfix\">\n<h3 class=\"home-title\"><span>Informaci\u00f3n<\/span><\/h3>\n<\/div>\n<p><!-- the tabs --><\/p>\n<ul class=\"tabs\">\n<ul class=\"tabs\">\n<li><a href=\"#t1\">Misi\u00f3n<\/a><\/li>\n<li><a href=\"#t2\">Visi\u00f3n<\/a><\/li>\n<\/ul>\n<\/ul>\n<p><!-- tab \"panes\" --><\/p>\n<ul class=\"tabs-content entry-content\">\n<li id=\"t1Tab\">\n<p align=\"justify\">Brindar todo el soporte necesario a todos y cada uno de nuestros clientes, apoy\u00e1ndolos en el recupero de unidades, manejo de flotas y administraci\u00f3n de unidades.<\/p>\n<\/li>\n<li id=\"t2Tab\">\n<p align=\"justify\">Gestionar de la forma m\u00e1s correcta y eficiente las carteras de cobranza que nos han sido encargadas.<\/p>\n<\/li>\n<\/ul>\n<\/div>\n<div class=\"one_half last entry-content  clearfix\">\n<div class=\"title-wrap clearfix\">\n<h3 class=\"home-title\"><span>Servicios<\/span><\/h3>\n<\/div>\n<ul>\n<li><a title=\"Servicio de Monitoreo y Rastreo\" href=\"http:\/\/www.timport.net\/web\/servicio-de-monitoreo-y-rastreo\/\" target=\"_blank\">Servicio de Monitoreo y Rastreo<\/a><\/li>\n<li><a title=\"Gesti\u00f3n de Cobranza\" href=\"http:\/\/www.timport.net\/web\/gestion-de-cobranza\/\" target=\"_blank\">Gesti\u00f3n de Cobranza<\/a><\/li>\n<li><a title=\"Venta e Instalacion de GPS\" href=\"http:\/\/www.timport.net\/web\/servicios-2\/venta-e-instalacion-de-gps\/\" target=\"_blank\">Venta e Instalaci\u00f3n de GPS<\/a><\/li>\n<\/ul>\n<\/div>\n<div class=\"clear\"><\/div>\n","protected":false},"excerpt":{"rendered":"<p>Bienvenido a Timport Timport es una empresa dedicada a la importaci\u00f3n de diversos productos para seguridad vehicular, accesorios y afines; forma parte del grupo Lavado Rodriguez, que tiene operaciones en el norte del Pa\u00eds hace m\u00e1s de 30 a\u00f1os, operando empresas en diversos rubros, liderando la mayor\u00eda de ellos. Timport es una empresa que viene operando en el mercado nacional desde el a\u00f1o 2009, actualmente cuenta con distribuidores en Lima, <a class=\"excerpt\" href=\"https:\/\/www.timport.net\/web\/nosotros\/\">Read More<\/a><\/p>\n","protected":false},"author":1,"featured_media":0,"parent":0,"menu_order":0,"comment_status":"closed","ping_status":"open","template":"","meta":{"footnotes":""},"class_list":["post-2343","page","type-page","status-publish","hentry"],"jetpack_sharing_enabled":true,"_links":{"self":[{"href":"https:\/\/www.timport.net\/web\/wp-json\/wp\/v2\/pages\/2343","targetHints":{"allow":["GET"]}}],"collection":[{"href":"https:\/\/www.timport.net\/web\/wp-json\/wp\/v2\/pages"}],"about":[{"href":"https:\/\/www.timport.net\/web\/wp-json\/wp\/v2\/types\/page"}],"author":[{"embeddable":true,"href":"https:\/\/www.timport.net\/web\/wp-json\/wp\/v2\/users\/1"}],"replies":[{"embeddable":true,"href":"https:\/\/www.timport.net\/web\/wp-json\/wp\/v2\/comments?post=2343"}],"version-history":[{"count":27,"href":"https:\/\/www.timport.net\/web\/wp-json\/wp\/v2\/pages\/2343\/revisions"}],"predecessor-version":[{"id":2345,"href":"https:\/\/www.timport.net\/web\/wp-json\/wp\/v2\/pages\/2343\/revisions\/2345"}],"wp:attachment":[{"href":"https:\/\/www.timport.net\/web\/wp-json\/wp\/v2\/media?parent=2343"}],"curies":[{"name":"wp","href":"https:\/\/api.w.org\/{rel}","templated":true}]}}