{"id":2350,"date":"2013-03-05T22:51:55","date_gmt":"2013-03-05T22:51:55","guid":{"rendered":"http:\/\/www.timport.net\/web\/?page_id=2350"},"modified":"2013-04-11T14:46:07","modified_gmt":"2013-04-11T14:46:07","slug":"servicio-de-monitoreo-y-rastreo","status":"publish","type":"page","link":"https:\/\/www.timport.net\/web\/servicio-de-monitoreo-y-rastreo\/","title":{"rendered":"Servicio de Monitoreo y Rastreo"},"content":{"rendered":"<div class=\"MsoNormal\" style=\"text-align: center;\"><span class=\"lambda-highlight4\" style=\"font-size: x-large;\">Monitorea tu unidad por S\/. 35.00 al mes<\/span><\/div>\n<p>&nbsp;<\/p>\n<div class=\"title-wrap clearfix\">\n<h3 class=\"home-title\"><span>Caracter\u00edsticas del Servicio<\/span><\/h3>\n<\/div>\n<div class=\"list\">\n<p class=\"trigger\" style=\"font-family: Trebuchet MS;\"><a href=\"#\">Rastreo Satelital todos los d\u00edas del a\u00f1o<\/a><\/p>\n<div class=\"toggle_container\" data-state=\"closed\">\n<div class=\"block clearfix\">\n<p>Usted podr\u00e1 saber d\u00f3nde se ubica su unidad en todo momento desde cualquier computadora con acceso a internet, no requiere ning\u00fan software instalado, solo necesita su usuario y contrase\u00f1a.<\/p>\n<p><center><a href=\"http:\/\/www.timport.net\/web\/wp-content\/uploads\/2013\/03\/mapa.jpg\" data-rel=\"prettyPhoto[this_page]\" title=\"\"><img loading=\"lazy\" decoding=\"async\" class=\"alignnone size-full wp-image-2570\" alt=\"mapa\" src=\"http:\/\/www.timport.net\/web\/wp-content\/uploads\/2013\/03\/mapa.jpg\" width=\"1127\" height=\"507\" srcset=\"https:\/\/www.timport.net\/web\/wp-content\/uploads\/2013\/03\/mapa.jpg 1127w, https:\/\/www.timport.net\/web\/wp-content\/uploads\/2013\/03\/mapa-300x134.jpg 300w, https:\/\/www.timport.net\/web\/wp-content\/uploads\/2013\/03\/mapa-1024x460.jpg 1024w, https:\/\/www.timport.net\/web\/wp-content\/uploads\/2013\/03\/mapa-940x422.jpg 940w\" sizes=\"auto, (max-width: 1127px) 100vw, 1127px\" \/><\/a><\/center><\/div>\n<\/div>\n<\/div>\n<div class=\"list\">\n<p class=\"trigger\" style=\"font-family: Trebuchet MS;\"><a href=\"#\">Controle la velocidad y evite papeletas<\/a><\/p>\n<div class=\"toggle_container\" data-state=\"closed\">\n<div class=\"block clearfix\">\n<p>Usted sabr\u00e1 la velocidad del veh\u00edculo y podr\u00e1 controlar mejor al chofer, as\u00ed evitar\u00e1 multas innecesarias.<\/p>\n<p><center><a href=\"http:\/\/www.timport.net\/web\/wp-content\/uploads\/2013\/03\/estado.jpg\" data-rel=\"prettyPhoto[this_page]\" title=\"\"><img loading=\"lazy\" decoding=\"async\" class=\"alignnone size-full wp-image-2567\" alt=\"estado\" src=\"http:\/\/www.timport.net\/web\/wp-content\/uploads\/2013\/03\/estado.jpg\" width=\"240\" height=\"250\" \/><\/a><br \/>\n<a href=\"http:\/\/www.timport.net\/web\/wp-content\/uploads\/2013\/03\/estado2.jpg\" data-rel=\"prettyPhoto[this_page]\" title=\"\"><img loading=\"lazy\" decoding=\"async\" class=\"alignnone size-full wp-image-2568\" alt=\"estado2\" src=\"http:\/\/www.timport.net\/web\/wp-content\/uploads\/2013\/03\/estado2.jpg\" width=\"653\" height=\"119\" srcset=\"https:\/\/www.timport.net\/web\/wp-content\/uploads\/2013\/03\/estado2.jpg 653w, https:\/\/www.timport.net\/web\/wp-content\/uploads\/2013\/03\/estado2-300x54.jpg 300w\" sizes=\"auto, (max-width: 653px) 100vw, 653px\" \/><\/a><\/center><\/div>\n<\/div>\n<\/div>\n<div class=\"list\">\n<p class=\"trigger\" style=\"font-family: Trebuchet MS;\"><a href=\"#\">Apagado de veh\u00edculo a distancia<\/a><\/p>\n<div class=\"toggle_container\" data-state=\"closed\">\n<div class=\"block clearfix\">\n<p>Usted puede apagar el veh\u00edculo en cualquier momento y lugar, siempre que usted lo crea conveniente, desde cualquier computadora, solo necesita su usuario y contrase\u00f1a.<\/p>\n<p><center><a href=\"http:\/\/www.timport.net\/web\/wp-content\/uploads\/2013\/03\/stop.png\" data-rel=\"prettyPhoto[this_page]\" title=\"\"><img loading=\"lazy\" decoding=\"async\" class=\"alignnone size-full wp-image-2442\" alt=\"stop\" src=\"http:\/\/www.timport.net\/web\/wp-content\/uploads\/2013\/03\/stop.png\" width=\"388\" height=\"338\" srcset=\"https:\/\/www.timport.net\/web\/wp-content\/uploads\/2013\/03\/stop.png 388w, https:\/\/www.timport.net\/web\/wp-content\/uploads\/2013\/03\/stop-300x261.png 300w\" sizes=\"auto, (max-width: 388px) 100vw, 388px\" \/><\/a><\/center><\/div>\n<\/div>\n<\/div>\n<div class=\"list\">\n<p class=\"trigger\" style=\"font-family: Trebuchet MS;\"><a href=\"#\">Sepa el recorrido de su unidad<\/a><\/p>\n<div class=\"toggle_container\" data-state=\"closed\">\n<div class=\"block clearfix\">\n<p>Con nuestro software, usted podr\u00e1 dibujar en pantalla el recorrido de su unidad y saber con exactitud donde estuvo al momento que usted desea.<\/p>\n<p><a href=\"http:\/\/www.timport.net\/web\/wp-content\/uploads\/2013\/03\/recorrido.jpg\" data-rel=\"prettyPhoto[this_page]\" title=\"\"><img loading=\"lazy\" decoding=\"async\" class=\"alignnone size-full wp-image-2571\" alt=\"recorrido\" src=\"http:\/\/www.timport.net\/web\/wp-content\/uploads\/2013\/03\/recorrido.jpg\" width=\"843\" height=\"463\" srcset=\"https:\/\/www.timport.net\/web\/wp-content\/uploads\/2013\/03\/recorrido.jpg 843w, https:\/\/www.timport.net\/web\/wp-content\/uploads\/2013\/03\/recorrido-300x164.jpg 300w\" sizes=\"auto, (max-width: 843px) 100vw, 843px\" \/><\/a><\/p>\n<\/div>\n<\/div>\n<\/div>\n<div class=\"list\">\n<p class=\"trigger\" style=\"font-family: Trebuchet MS;\"><a href=\"#\">Contamos con equipos aprobados por el MTC<\/a><\/p>\n<div class=\"toggle_container\" data-state=\"closed\">\n<div class=\"block clearfix\">\n<p>Contamos con los permisos que exige el MTC para la importaci\u00f3n y venta de estos equipos, siendo una muestra de nuestro compromiso con el cliente.<\/p>\n<p><center><a href=\"http:\/\/www.timport.net\/web\/wp-content\/uploads\/2013\/03\/mtc.png\" data-rel=\"prettyPhoto[this_page]\" title=\"\"><img loading=\"lazy\" decoding=\"async\" class=\"alignnone size-full wp-image-2444\" alt=\"mtc\" src=\"http:\/\/www.timport.net\/web\/wp-content\/uploads\/2013\/03\/mtc.png\" width=\"844\" height=\"225\" srcset=\"https:\/\/www.timport.net\/web\/wp-content\/uploads\/2013\/03\/mtc.png 844w, https:\/\/www.timport.net\/web\/wp-content\/uploads\/2013\/03\/mtc-300x79.png 300w\" sizes=\"auto, (max-width: 844px) 100vw, 844px\" \/><\/a><\/center><\/div>\n<\/div>\n<\/div>\n<div class=\"list\">\n<p class=\"trigger\" style=\"font-family: Trebuchet MS;\"><a href=\"#\">Equipos con sensores de encendido, puertas y otros<\/a><\/p>\n<div class=\"toggle_container\" data-state=\"closed\">\n<div class=\"block clearfix\">\n<p>Nuestros equipos cuentan con diversos sensores y cuando estos est\u00e1n activos, nos avisar\u00e1 si alguien indeseado abre la puerta, intenta encenderlo, lo remolcan, entro otros.<\/p>\n<p><center><a href=\"http:\/\/www.timport.net\/web\/wp-content\/uploads\/2013\/03\/satelite.png\" data-rel=\"prettyPhoto[this_page]\" title=\"\"><img loading=\"lazy\" decoding=\"async\" class=\"alignnone size-full wp-image-2445\" alt=\"satelite\" src=\"http:\/\/www.timport.net\/web\/wp-content\/uploads\/2013\/03\/satelite.png\" width=\"600\" height=\"498\" srcset=\"https:\/\/www.timport.net\/web\/wp-content\/uploads\/2013\/03\/satelite.png 600w, https:\/\/www.timport.net\/web\/wp-content\/uploads\/2013\/03\/satelite-300x249.png 300w\" sizes=\"auto, (max-width: 600px) 100vw, 600px\" \/><\/a><\/center><br \/>\nDiagrama de trabajo: El GPS instalado puede reportar a una computadora o a un celular y desde ambos equipos se puede mandar comandos y ordenes al GPS del\u00a0veh\u00edculo.<\/p>\n<\/div>\n<\/div>\n<\/div>\n<p>&nbsp;<\/p>\n<p><span class=\"lambda-highlight2\">OPCI\u00d3N\u00a0DE PODER FINANCIAR TU EQUIPO GPS HASTA POR 180\u00a0D\u00cdAS\u00a0<\/span> Para apoyar a nuestros clientes, financiamos de manera DIRECTA, a sola firma, sin avales ni garant\u00edas.<\/p>\n<p>Los requisitos son los siguientes:<\/p>\n<p>Para propietarios de taxis:<\/p>\n<ul>\n<li>Copia de DNI.<\/li>\n<li>Copia de recibo de servicio (Agua, Luz o Tel\u00e9fono).<\/li>\n<li>Copia de la tarjeta de propiedad del veh\u00edculo.<\/li>\n<li>Documento que certifique una antig\u00fcedad mayor a tres meses en la compa\u00f1\u00eda de taxi.<\/li>\n<li>Contratar el servicio de monitoreo.<\/li>\n<\/ul>\n<p>Para Particulares:<\/p>\n<ul>\n<li>Copia de DNI.<\/li>\n<li>Copia de recibo de servicio (Agua, Luz o Tel\u00e9fono).<\/li>\n<li>Copia de la tarjeta de propiedad del veh\u00edculo.<\/li>\n<li>Contratar el servicio de monitoreo.<\/li>\n<\/ul>\n<p>Los puedes financiar desde dos meses hasta en seis meses, solicita una demostraci\u00f3n sin costo.<br \/>\nElije la forma de financiamiento y solicita un cronograma de pago.<\/p>\n<p>Aceptamos tarjeta de cr\u00e9dito Mastercard:<\/p>\n<p>Tambi\u00e9n puedes adquirir tu GPS pagando con tu tarjeta de cr\u00e9dito o d\u00e9bito<\/p>\n<p><a href=\"http:\/\/www.timport.net\/web\/wp-content\/uploads\/2013\/03\/visaelectron1.png\" data-rel=\"prettyPhoto[this_page]\" title=\"\"><img loading=\"lazy\" decoding=\"async\" class=\"alignnone size-full wp-image-2579\" alt=\"visaelectron\" src=\"http:\/\/www.timport.net\/web\/wp-content\/uploads\/2013\/03\/visaelectron1.png\" width=\"350\" height=\"50\" srcset=\"https:\/\/www.timport.net\/web\/wp-content\/uploads\/2013\/03\/visaelectron1.png 350w, https:\/\/www.timport.net\/web\/wp-content\/uploads\/2013\/03\/visaelectron1-300x42.png 300w\" sizes=\"auto, (max-width: 350px) 100vw, 350px\" \/><\/a><\/p>\n<p>Para m\u00e1s informaci\u00f3n de como ubicarnos en nuestra p\u00e1gina de <a title=\"Contacto\" href=\"http:\/\/www.timport.net\/web\/contact\/\">Contacto<\/a>.<\/p>\n","protected":false},"excerpt":{"rendered":"<p>Monitorea tu unidad por S\/. 35.00 al mes &nbsp; Caracter\u00edsticas del Servicio Rastreo Satelital todos los d\u00edas del a\u00f1o Usted podr\u00e1 saber d\u00f3nde se ubica su unidad en todo momento desde cualquier computadora con acceso a internet, no requiere ning\u00fan software instalado, solo necesita su usuario y contrase\u00f1a. Controle la velocidad y evite papeletas Usted sabr\u00e1 la velocidad del veh\u00edculo y podr\u00e1 controlar mejor al chofer, as\u00ed evitar\u00e1 multas innecesarias. <a class=\"excerpt\" href=\"https:\/\/www.timport.net\/web\/servicio-de-monitoreo-y-rastreo\/\">Read More<\/a><\/p>\n","protected":false},"author":1,"featured_media":0,"parent":0,"menu_order":0,"comment_status":"closed","ping_status":"open","template":"","meta":{"footnotes":""},"class_list":["post-2350","page","type-page","status-publish","hentry"],"jetpack_sharing_enabled":true,"_links":{"self":[{"href":"https:\/\/www.timport.net\/web\/wp-json\/wp\/v2\/pages\/2350","targetHints":{"allow":["GET"]}}],"collection":[{"href":"https:\/\/www.timport.net\/web\/wp-json\/wp\/v2\/pages"}],"about":[{"href":"https:\/\/www.timport.net\/web\/wp-json\/wp\/v2\/types\/page"}],"author":[{"embeddable":true,"href":"https:\/\/www.timport.net\/web\/wp-json\/wp\/v2\/users\/1"}],"replies":[{"embeddable":true,"href":"https:\/\/www.timport.net\/web\/wp-json\/wp\/v2\/comments?post=2350"}],"version-history":[{"count":66,"href":"https:\/\/www.timport.net\/web\/wp-json\/wp\/v2\/pages\/2350\/revisions"}],"predecessor-version":[{"id":2384,"href":"https:\/\/www.timport.net\/web\/wp-json\/wp\/v2\/pages\/2350\/revisions\/2384"}],"wp:attachment":[{"href":"https:\/\/www.timport.net\/web\/wp-json\/wp\/v2\/media?parent=2350"}],"curies":[{"name":"wp","href":"https:\/\/api.w.org\/{rel}","templated":true}]}}