{"id":2385,"date":"2013-03-06T00:50:59","date_gmt":"2013-03-06T00:50:59","guid":{"rendered":"http:\/\/www.timport.net\/web\/?page_id=2385"},"modified":"2013-04-05T18:41:56","modified_gmt":"2013-04-05T18:41:56","slug":"servicios-2","status":"publish","type":"page","link":"https:\/\/www.timport.net\/web\/servicios-2\/","title":{"rendered":"Servicios"},"content":{"rendered":"<section class=\"cta clearfix margin-20\">\n<div class=\"cta-inner drop-shadow lifted\">\n<article class=\"cta-content clearfix\">\n<div class=\"three_fourths remove-bottom\">\n<h3>SERVICIO DE MONITOREO Y RASTREO<\/h3>\n<p>Monitorea tu unidad por S\/. 35.00 al mes Caracter\u00edsticas del Servicio Rastreo Satelital todos los d\u00edas del a\u00f1o<br \/>\nUsted podr\u00e1 saber d\u00f3nde se ubica su unidad en todo momento desde&#8230;<\/p>\n<\/div>\n<div class=\"cta-button-wrap remove-bottom one_fourth last\"><a class=\"button themebutton medium\" href=\"http:\/\/www.timport.net\/web\/servicio-de-monitoreo-y-rastreo\/\">M\u00e1s Info<\/a><\/div>\n<\/article>\n<\/div>\n<\/section>\n<section class=\"cta clearfix margin-20\">\n<div class=\"cta-inner drop-shadow lifted\">\n<article class=\"cta-content clearfix\">\n<div class=\"three_fourths remove-bottom\">\n<h3>GESTI\u00d3N DE COBRANZA<\/h3>\n<p>Para tal fin contamos con el personal debidamente capacitado y entrenado para realizar las funciones que sean necesarias y que nos ayuden a recuperar el dinero de nuestros clientes&#8230;<\/p>\n<\/div>\n<div class=\"cta-button-wrap remove-bottom one_fourth last\"><a class=\"button themebutton medium\" href=\"http:\/\/www.timport.net\/web\/gestion-de-cobranza\/\">M\u00e1s Info<\/a><\/div>\n<\/article>\n<\/div>\n<\/section>\n<section class=\"cta clearfix margin-20\">\n<div class=\"cta-inner drop-shadow lifted\">\n<article class=\"cta-content clearfix\">\n<div class=\"three_fourths remove-bottom\">\n<h3>VENTA E INSTALACION DE GPS<\/h3>\n<p>Para ello contamos con una Plataforma Web implementada en un servidor que se encuentra ubicado en la Unidad de Desarrollo de Ciencia y Tecnolog\u00eda de la universidad de Shenzhen&#8230;<\/p>\n<\/div>\n<div class=\"cta-button-wrap remove-bottom one_fourth last\"><a class=\"button themebutton medium\" href=\"http:\/\/www.timport.net\/web\/servicios-2\/venta-e-instalacion-de-gps\/\">M\u00e1s Info<\/a><\/div>\n<\/article>\n<\/div>\n<\/section>\n","protected":false},"excerpt":{"rendered":"<p>SERVICIO DE MONITOREO Y RASTREO Monitorea tu unidad por S\/. 35.00 al mes Caracter\u00edsticas del Servicio Rastreo Satelital todos los d\u00edas del a\u00f1o Usted podr\u00e1 saber d\u00f3nde se ubica su unidad en todo momento desde&#8230; M\u00e1s Info GESTI\u00d3N DE COBRANZA Para tal fin contamos con el personal debidamente capacitado y entrenado para realizar las funciones que sean necesarias y que nos ayuden a recuperar el dinero de nuestros clientes&#8230; M\u00e1s <a class=\"excerpt\" href=\"https:\/\/www.timport.net\/web\/servicios-2\/\">Read More<\/a><\/p>\n","protected":false},"author":1,"featured_media":0,"parent":0,"menu_order":0,"comment_status":"closed","ping_status":"closed","template":"","meta":{"footnotes":""},"class_list":["post-2385","page","type-page","status-publish","hentry"],"jetpack_sharing_enabled":true,"_links":{"self":[{"href":"https:\/\/www.timport.net\/web\/wp-json\/wp\/v2\/pages\/2385","targetHints":{"allow":["GET"]}}],"collection":[{"href":"https:\/\/www.timport.net\/web\/wp-json\/wp\/v2\/pages"}],"about":[{"href":"https:\/\/www.timport.net\/web\/wp-json\/wp\/v2\/types\/page"}],"author":[{"embeddable":true,"href":"https:\/\/www.timport.net\/web\/wp-json\/wp\/v2\/users\/1"}],"replies":[{"embeddable":true,"href":"https:\/\/www.timport.net\/web\/wp-json\/wp\/v2\/comments?post=2385"}],"version-history":[{"count":13,"href":"https:\/\/www.timport.net\/web\/wp-json\/wp\/v2\/pages\/2385\/revisions"}],"predecessor-version":[{"id":2395,"href":"https:\/\/www.timport.net\/web\/wp-json\/wp\/v2\/pages\/2385\/revisions\/2395"}],"wp:attachment":[{"href":"https:\/\/www.timport.net\/web\/wp-json\/wp\/v2\/media?parent=2385"}],"curies":[{"name":"wp","href":"https:\/\/api.w.org\/{rel}","templated":true}]}}